{"id":476,"date":"2021-11-06T17:40:38","date_gmt":"2021-11-06T20:40:38","guid":{"rendered":"https:\/\/avantecomunicacao.com.br\/hortifruti\/?page_id=476"},"modified":"2021-11-08T10:07:03","modified_gmt":"2021-11-08T13:07:03","slug":"blog","status":"publish","type":"page","link":"https:\/\/avantecomunicacao.com.br\/hortifruti\/blog\/","title":{"rendered":"Blog"},"content":{"rendered":"\t\t<div data-elementor-type=\"wp-page\" data-elementor-id=\"476\" class=\"elementor elementor-476\">\n\t\t\t\t\t\t<div class=\"elementor-inner\">\n\t\t\t\t<div class=\"elementor-section-wrap\">\n\t\t\t\t\t\t\t\t\t<section class=\"elementor-section elementor-top-section elementor-element elementor-element-d495c73 elementor-hidden-mobile elementor-section-boxed elementor-section-height-default elementor-section-height-default\" data-id=\"d495c73\" data-element_type=\"section\" data-settings=\"{&quot;background_background&quot;:&quot;classic&quot;}\">\n\t\t\t\t\t\t<div class=\"elementor-container elementor-column-gap-default\">\n\t\t\t\t\t\t\t<div class=\"elementor-row\">\n\t\t\t\t\t<div class=\"aux-parallax-section elementor-column elementor-col-100 elementor-top-column elementor-element elementor-element-5fd3c3b\" data-id=\"5fd3c3b\" data-element_type=\"column\">\n\t\t\t<div class=\"elementor-column-wrap elementor-element-populated\">\n\t\t\t\t\t\t\t<div class=\"elementor-widget-wrap\">\n\t\t\t\t\t\t<div class=\"elementor-element elementor-element-b92f241 elementor-widget elementor-widget-image\" data-id=\"b92f241\" data-element_type=\"widget\" data-widget_type=\"image.default\">\n\t\t\t\t<div class=\"elementor-widget-container\">\n\t\t\t\t\t\t\t\t<div class=\"elementor-image\">\n\t\t\t\t\t\t\t\t\t\t\t\t<img loading=\"lazy\" decoding=\"async\" width=\"1920\" height=\"500\" src=\"https:\/\/avantecomunicacao.com.br\/hortifruti\/wp-content\/uploads\/2021\/11\/img_blog_topo.jpg\" class=\"attachment-full size-full\" alt=\"\" srcset=\"https:\/\/avantecomunicacao.com.br\/hortifruti\/wp-content\/uploads\/2021\/11\/img_blog_topo.jpg 1920w, https:\/\/avantecomunicacao.com.br\/hortifruti\/wp-content\/uploads\/2021\/11\/img_blog_topo-1536x400.jpg 1536w, https:\/\/avantecomunicacao.com.br\/hortifruti\/wp-content\/uploads\/2021\/11\/img_blog_topo-600x156.jpg 600w, https:\/\/avantecomunicacao.com.br\/hortifruti\/wp-content\/uploads\/2021\/11\/img_blog_topo-24x6.jpg 24w, https:\/\/avantecomunicacao.com.br\/hortifruti\/wp-content\/uploads\/2021\/11\/img_blog_topo-36x9.jpg 36w, https:\/\/avantecomunicacao.com.br\/hortifruti\/wp-content\/uploads\/2021\/11\/img_blog_topo-48x13.jpg 48w\" sizes=\"auto, (max-width: 1920px) 100vw, 1920px\" \/>\t\t\t\t\t\t\t\t\t\t\t\t\t\t<\/div>\n\t\t\t\t\t\t<\/div>\n\t\t\t\t<\/div>\n\t\t\t\t\t\t<\/div>\n\t\t\t\t\t<\/div>\n\t\t<\/div>\n\t\t\t\t\t\t\t\t<\/div>\n\t\t\t\t\t<\/div>\n\t\t<\/section>\n\t\t\t\t<section class=\"elementor-section elementor-top-section elementor-element elementor-element-4b4f766 elementor-hidden-desktop elementor-hidden-tablet elementor-section-boxed elementor-section-height-default elementor-section-height-default\" data-id=\"4b4f766\" data-element_type=\"section\" data-settings=\"{&quot;background_background&quot;:&quot;classic&quot;}\">\n\t\t\t\t\t\t<div class=\"elementor-container elementor-column-gap-default\">\n\t\t\t\t\t\t\t<div class=\"elementor-row\">\n\t\t\t\t\t<div class=\"aux-parallax-section elementor-column elementor-col-100 elementor-top-column elementor-element elementor-element-a653458\" data-id=\"a653458\" data-element_type=\"column\">\n\t\t\t<div class=\"elementor-column-wrap elementor-element-populated\">\n\t\t\t\t\t\t\t<div class=\"elementor-widget-wrap\">\n\t\t\t\t\t\t<div class=\"elementor-element elementor-element-220f439 elementor-widget elementor-widget-image\" data-id=\"220f439\" data-element_type=\"widget\" data-widget_type=\"image.default\">\n\t\t\t\t<div class=\"elementor-widget-container\">\n\t\t\t\t\t\t\t\t<div class=\"elementor-image\">\n\t\t\t\t\t\t\t\t\t\t\t\t<img loading=\"lazy\" decoding=\"async\" width=\"1920\" height=\"1000\" src=\"https:\/\/avantecomunicacao.com.br\/hortifruti\/wp-content\/uploads\/2021\/11\/img_blog_topo_mobile.jpg\" class=\"attachment-full size-full\" alt=\"\" srcset=\"https:\/\/avantecomunicacao.com.br\/hortifruti\/wp-content\/uploads\/2021\/11\/img_blog_topo_mobile.jpg 1920w, https:\/\/avantecomunicacao.com.br\/hortifruti\/wp-content\/uploads\/2021\/11\/img_blog_topo_mobile-1536x800.jpg 1536w, https:\/\/avantecomunicacao.com.br\/hortifruti\/wp-content\/uploads\/2021\/11\/img_blog_topo_mobile-600x313.jpg 600w, https:\/\/avantecomunicacao.com.br\/hortifruti\/wp-content\/uploads\/2021\/11\/img_blog_topo_mobile-24x13.jpg 24w, https:\/\/avantecomunicacao.com.br\/hortifruti\/wp-content\/uploads\/2021\/11\/img_blog_topo_mobile-36x19.jpg 36w, https:\/\/avantecomunicacao.com.br\/hortifruti\/wp-content\/uploads\/2021\/11\/img_blog_topo_mobile-48x25.jpg 48w\" sizes=\"auto, (max-width: 1920px) 100vw, 1920px\" \/>\t\t\t\t\t\t\t\t\t\t\t\t\t\t<\/div>\n\t\t\t\t\t\t<\/div>\n\t\t\t\t<\/div>\n\t\t\t\t\t\t<\/div>\n\t\t\t\t\t<\/div>\n\t\t<\/div>\n\t\t\t\t\t\t\t\t<\/div>\n\t\t\t\t\t<\/div>\n\t\t<\/section>\n\t\t\t\t<section class=\"elementor-section elementor-top-section elementor-element elementor-element-d211aa9 elementor-section-boxed elementor-section-height-default elementor-section-height-default\" data-id=\"d211aa9\" data-element_type=\"section\">\n\t\t\t\t\t\t<div class=\"elementor-container elementor-column-gap-default\">\n\t\t\t\t\t\t\t<div class=\"elementor-row\">\n\t\t\t\t\t<div class=\"aux-parallax-section elementor-column elementor-col-100 elementor-top-column elementor-element elementor-element-d874939\" data-id=\"d874939\" data-element_type=\"column\">\n\t\t\t<div class=\"elementor-column-wrap elementor-element-populated\">\n\t\t\t\t\t\t\t<div class=\"elementor-widget-wrap\">\n\t\t\t\t\t\t<div class=\"elementor-element elementor-element-d0d65c4 elementor-grid-4 elementor-posts--align-center elementor-grid-tablet-2 elementor-grid-mobile-1 elementor-posts--thumbnail-top elementor-card-shadow-yes elementor-posts__hover-gradient elementor-widget elementor-widget-posts\" data-id=\"d0d65c4\" data-element_type=\"widget\" data-settings=\"{&quot;cards_columns&quot;:&quot;4&quot;,&quot;cards_columns_tablet&quot;:&quot;2&quot;,&quot;cards_columns_mobile&quot;:&quot;1&quot;,&quot;cards_row_gap&quot;:{&quot;unit&quot;:&quot;px&quot;,&quot;size&quot;:35,&quot;sizes&quot;:[]}}\" data-widget_type=\"posts.cards\">\n\t\t\t\t<div class=\"elementor-widget-container\">\n\t\t\t\t\t<div class=\"elementor-posts-container elementor-posts elementor-posts--skin-cards elementor-grid\">\n\t\t\t\t<article class=\"elementor-post elementor-grid-item post-551 post type-post status-publish format-standard has-post-thumbnail hentry category-receita tag-bolo-de-cenoura tag-receita-de-bolo\">\n\t\t\t<div class=\"elementor-post__card\">\n\t\t\t\t<a class=\"elementor-post__thumbnail__link\" href=\"https:\/\/avantecomunicacao.com.br\/hortifruti\/bolo-de-cenoura\/\" >\n\t\t\t<div class=\"elementor-post__thumbnail\"><img loading=\"lazy\" decoding=\"async\" width=\"1600\" height=\"1066\" src=\"https:\/\/avantecomunicacao.com.br\/hortifruti\/wp-content\/uploads\/2021\/11\/bolo-de-cenoura.jpg\" class=\"attachment-full size-full\" alt=\"\" srcset=\"https:\/\/avantecomunicacao.com.br\/hortifruti\/wp-content\/uploads\/2021\/11\/bolo-de-cenoura.jpg 1600w, https:\/\/avantecomunicacao.com.br\/hortifruti\/wp-content\/uploads\/2021\/11\/bolo-de-cenoura-1536x1023.jpg 1536w, https:\/\/avantecomunicacao.com.br\/hortifruti\/wp-content\/uploads\/2021\/11\/bolo-de-cenoura-600x400.jpg 600w, https:\/\/avantecomunicacao.com.br\/hortifruti\/wp-content\/uploads\/2021\/11\/bolo-de-cenoura-24x16.jpg 24w, https:\/\/avantecomunicacao.com.br\/hortifruti\/wp-content\/uploads\/2021\/11\/bolo-de-cenoura-36x24.jpg 36w, https:\/\/avantecomunicacao.com.br\/hortifruti\/wp-content\/uploads\/2021\/11\/bolo-de-cenoura-48x32.jpg 48w\" sizes=\"auto, (max-width: 1600px) 100vw, 1600px\" \/><\/div>\n\t\t<\/a>\n\t\t\t\t<div class=\"elementor-post__text\">\n\t\t\t\t<h3 class=\"elementor-post__title\">\n\t\t\t<a href=\"https:\/\/avantecomunicacao.com.br\/hortifruti\/bolo-de-cenoura\/\" >\n\t\t\t\tBolo de Cenoura\t\t\t<\/a>\n\t\t<\/h3>\n\t\t\t\t<div class=\"elementor-post__excerpt\">\n\t\t\t<p>INGREDIENTES MASSA\u2022 1\/2 x\u00edcara (ch\u00e1) de \u00f3leo\u2022 3 cenouras m\u00e9dias raladas\u2022 4 ovos\u2022 2 x\u00edcaras (ch\u00e1) de a\u00e7\u00facar\u2022 2 e 1\/2 x\u00edcaras (ch\u00e1) de farinha<\/p>\n\t\t<\/div>\n\t\t\t\t\t<a class=\"elementor-post__read-more\" href=\"https:\/\/avantecomunicacao.com.br\/hortifruti\/bolo-de-cenoura\/\" >\n\t\t\t\tSaiba mais \u00bb\t\t\t<\/a>\n\t\t\t\t<\/div>\n\t\t\t\t<div class=\"elementor-post__meta-data\">\n\t\t\t\t\t<span class=\"elementor-post-date\">\n\t\t\t9 de novembro de 2021\t\t<\/span>\n\t\t\t\t<span class=\"elementor-post-avatar\">\n\t\t\tNenhum coment\u00e1rio\t\t<\/span>\n\t\t\t\t<\/div>\n\t\t\t\t\t<\/div>\n\t\t<\/article>\n\t\t\t\t<article class=\"elementor-post elementor-grid-item post-533 post type-post status-publish format-standard has-post-thumbnail hentry category-alimentos-e-beneficios tag-alimentacao tag-fibras\">\n\t\t\t<div class=\"elementor-post__card\">\n\t\t\t\t<a class=\"elementor-post__thumbnail__link\" href=\"https:\/\/avantecomunicacao.com.br\/hortifruti\/alimentos-ricos-em-fibras-ajudam-a-normalizar-funcao-intestinal\/\" >\n\t\t\t<div class=\"elementor-post__thumbnail\"><img loading=\"lazy\" decoding=\"async\" width=\"1500\" height=\"1000\" src=\"https:\/\/avantecomunicacao.com.br\/hortifruti\/wp-content\/uploads\/2021\/11\/Alimentos_com_Fibras.jpg\" class=\"attachment-full size-full\" alt=\"\" srcset=\"https:\/\/avantecomunicacao.com.br\/hortifruti\/wp-content\/uploads\/2021\/11\/Alimentos_com_Fibras.jpg 1500w, https:\/\/avantecomunicacao.com.br\/hortifruti\/wp-content\/uploads\/2021\/11\/Alimentos_com_Fibras-600x400.jpg 600w, https:\/\/avantecomunicacao.com.br\/hortifruti\/wp-content\/uploads\/2021\/11\/Alimentos_com_Fibras-24x16.jpg 24w, https:\/\/avantecomunicacao.com.br\/hortifruti\/wp-content\/uploads\/2021\/11\/Alimentos_com_Fibras-36x24.jpg 36w, https:\/\/avantecomunicacao.com.br\/hortifruti\/wp-content\/uploads\/2021\/11\/Alimentos_com_Fibras-48x32.jpg 48w\" sizes=\"auto, (max-width: 1500px) 100vw, 1500px\" \/><\/div>\n\t\t<\/a>\n\t\t\t\t<div class=\"elementor-post__text\">\n\t\t\t\t<h3 class=\"elementor-post__title\">\n\t\t\t<a href=\"https:\/\/avantecomunicacao.com.br\/hortifruti\/alimentos-ricos-em-fibras-ajudam-a-normalizar-funcao-intestinal\/\" >\n\t\t\t\tAlimentos ricos em fibras ajudam a normalizar fun\u00e7\u00e3o intestinal\t\t\t<\/a>\n\t\t<\/h3>\n\t\t\t\t<div class=\"elementor-post__excerpt\">\n\t\t\t<p>Fibras alimentares Fibras s\u00e3o compostos vegetais presentes nos gr\u00e3os, verduras, legumes e frutas que n\u00e3o s\u00e3o digeridos pelo nosso organismo, passam quase que intactos pelo<\/p>\n\t\t<\/div>\n\t\t\t\t\t<a class=\"elementor-post__read-more\" href=\"https:\/\/avantecomunicacao.com.br\/hortifruti\/alimentos-ricos-em-fibras-ajudam-a-normalizar-funcao-intestinal\/\" >\n\t\t\t\tSaiba mais \u00bb\t\t\t<\/a>\n\t\t\t\t<\/div>\n\t\t\t\t<div class=\"elementor-post__meta-data\">\n\t\t\t\t\t<span class=\"elementor-post-date\">\n\t\t\t6 de novembro de 2021\t\t<\/span>\n\t\t\t\t<span class=\"elementor-post-avatar\">\n\t\t\tNenhum coment\u00e1rio\t\t<\/span>\n\t\t\t\t<\/div>\n\t\t\t\t\t<\/div>\n\t\t<\/article>\n\t\t\t\t<article class=\"elementor-post elementor-grid-item post-460 post type-post status-publish format-standard has-post-thumbnail hentry category-alimentos-e-beneficios category-sem-categoria tag-beneficios tag-frutas-citricas tag-frutopia tag-saude\">\n\t\t\t<div class=\"elementor-post__card\">\n\t\t\t\t<a class=\"elementor-post__thumbnail__link\" href=\"https:\/\/avantecomunicacao.com.br\/hortifruti\/os-maiores-beneficios-das-frutas-citricas\/\" >\n\t\t\t<div class=\"elementor-post__thumbnail\"><img loading=\"lazy\" decoding=\"async\" width=\"870\" height=\"500\" src=\"https:\/\/avantecomunicacao.com.br\/hortifruti\/wp-content\/uploads\/2021\/11\/Frutas_Citricas-1.jpg\" class=\"attachment-full size-full\" alt=\"\" srcset=\"https:\/\/avantecomunicacao.com.br\/hortifruti\/wp-content\/uploads\/2021\/11\/Frutas_Citricas-1.jpg 870w, https:\/\/avantecomunicacao.com.br\/hortifruti\/wp-content\/uploads\/2021\/11\/Frutas_Citricas-1-600x345.jpg 600w, https:\/\/avantecomunicacao.com.br\/hortifruti\/wp-content\/uploads\/2021\/11\/Frutas_Citricas-1-24x14.jpg 24w, https:\/\/avantecomunicacao.com.br\/hortifruti\/wp-content\/uploads\/2021\/11\/Frutas_Citricas-1-36x21.jpg 36w, https:\/\/avantecomunicacao.com.br\/hortifruti\/wp-content\/uploads\/2021\/11\/Frutas_Citricas-1-48x28.jpg 48w\" sizes=\"auto, (max-width: 870px) 100vw, 870px\" \/><\/div>\n\t\t<\/a>\n\t\t\t\t<div class=\"elementor-post__text\">\n\t\t\t\t<h3 class=\"elementor-post__title\">\n\t\t\t<a href=\"https:\/\/avantecomunicacao.com.br\/hortifruti\/os-maiores-beneficios-das-frutas-citricas\/\" >\n\t\t\t\tOs maiores benef\u00edcios das frutas c\u00edtricas\t\t\t<\/a>\n\t\t<\/h3>\n\t\t\t\t<div class=\"elementor-post__excerpt\">\n\t\t\t<p>As frutas c\u00edtricas, como a laranja ou o abacaxi, promovem benef\u00edcios, principalmente, para forma\u00e7\u00e3o e manuten\u00e7\u00e3o da sa\u00fade das c\u00e9lulas de todo corpo. As frutas<\/p>\n\t\t<\/div>\n\t\t\t\t\t<a class=\"elementor-post__read-more\" href=\"https:\/\/avantecomunicacao.com.br\/hortifruti\/os-maiores-beneficios-das-frutas-citricas\/\" >\n\t\t\t\tSaiba mais \u00bb\t\t\t<\/a>\n\t\t\t\t<\/div>\n\t\t\t\t<div class=\"elementor-post__meta-data\">\n\t\t\t\t\t<span class=\"elementor-post-date\">\n\t\t\t6 de novembro de 2021\t\t<\/span>\n\t\t\t\t<span class=\"elementor-post-avatar\">\n\t\t\tNenhum coment\u00e1rio\t\t<\/span>\n\t\t\t\t<\/div>\n\t\t\t\t\t<\/div>\n\t\t<\/article>\n\t\t\t\t<\/div>\n\n\n\t\t\n\t\t\t\t<\/div>\n\t\t\t\t<\/div>\n\t\t\t\t\t\t<\/div>\n\t\t\t\t\t<\/div>\n\t\t<\/div>\n\t\t\t\t\t\t\t\t<\/div>\n\t\t\t\t\t<\/div>\n\t\t<\/section>\n\t\t\t\t\t\t\t\t\t<\/div>\n\t\t\t<\/div>\n\t\t\t\t\t<\/div>\n\t\t","protected":false},"excerpt":{"rendered":"","protected":false},"author":1,"featured_media":0,"parent":0,"menu_order":0,"comment_status":"closed","ping_status":"closed","template":"elementor_header_footer","meta":{"footnotes":""},"class_list":["post-476","page","type-page","status-publish","hentry"],"_links":{"self":[{"href":"https:\/\/avantecomunicacao.com.br\/hortifruti\/wp-json\/wp\/v2\/pages\/476","targetHints":{"allow":["GET"]}}],"collection":[{"href":"https:\/\/avantecomunicacao.com.br\/hortifruti\/wp-json\/wp\/v2\/pages"}],"about":[{"href":"https:\/\/avantecomunicacao.com.br\/hortifruti\/wp-json\/wp\/v2\/types\/page"}],"author":[{"embeddable":true,"href":"https:\/\/avantecomunicacao.com.br\/hortifruti\/wp-json\/wp\/v2\/users\/1"}],"replies":[{"embeddable":true,"href":"https:\/\/avantecomunicacao.com.br\/hortifruti\/wp-json\/wp\/v2\/comments?post=476"}],"version-history":[{"count":62,"href":"https:\/\/avantecomunicacao.com.br\/hortifruti\/wp-json\/wp\/v2\/pages\/476\/revisions"}],"predecessor-version":[{"id":549,"href":"https:\/\/avantecomunicacao.com.br\/hortifruti\/wp-json\/wp\/v2\/pages\/476\/revisions\/549"}],"wp:attachment":[{"href":"https:\/\/avantecomunicacao.com.br\/hortifruti\/wp-json\/wp\/v2\/media?parent=476"}],"curies":[{"name":"wp","href":"https:\/\/api.w.org\/{rel}","templated":true}]}}